{"id":74,"date":"2017-02-08T09:01:40","date_gmt":"2017-02-08T09:01:40","guid":{"rendered":"https:\/\/sdm-events.com\/site\/?page_id=74"},"modified":"2024-10-17T09:53:21","modified_gmt":"2024-10-17T09:53:21","slug":"coordination-securite","status":"publish","type":"page","link":"https:\/\/sdm-events.com\/events\/coordination-securite\/","title":{"rendered":"Coordination s\u00e9curit\u00e9"},"content":{"rendered":"\n<h1>\n\t\tCoordination s\u00e9curit\u00e9\n\t<\/h1>\n<h2>\n\t\tLa s\u00e9curit\u00e9 ? Pas qu&rsquo;une question de moyens, un \u00e9tat d&rsquo;esprit.\n\t<\/h2>\n\t<p>Le SDM vous accompagne pour la pr\u00e9vention et la s\u00e9curit\u00e9 de votre manifestation : risques internes ou externes, conformit\u00e9 de vos actions et de vos installations, relations avec les autorit\u00e9s et les prestataires ext\u00e9rieurs.<\/p>\n<p>En proposant des m\u00e9thodes et des outils adapt\u00e9s, en prenant en compte toute les sp\u00e9cificit\u00e9s, le SDM permet d&rsquo;envisager l&rsquo;\u00e9v\u00e9nement de mani\u00e8re sereine.<\/p>\n<p>&nbsp;<\/p>\n<h2>\n\t\tLe document s\u00e9curit\u00e9 du SDM\n\t<\/h2>\n\t<h3><strong>Un outil clair et accessible<\/strong><\/h3>\n\u00c9labor\u00e9 en fonction des r\u00e9glementations et des retours d&rsquo;exp\u00e9rience de nombreuses manifestations, il permet de synth\u00e9tiser l&rsquo;ensemble des \u00e9l\u00e9ments de s\u00e9curit\u00e9 afin de prendre en compte le plus grand nombre de points \u00e0 analyser pour la r\u00e9alisation d&rsquo;une manifestation.<br \/>\nSa r\u00e9daction permet \u00e0 l&rsquo;ensemble des acteurs (organisateurs, \u00e9lus, agents de s\u00e9curit\u00e9, prestataire de s\u00e9curit\u00e9, autorit\u00e9s publiques) de disposer d&rsquo;une base de travail commune.\n\t\t\t\t<img loading=\"lazy\" decoding=\"async\" src=\"https:\/\/sdm-events.com\/events\/wp-content\/uploads\/2017\/12\/gkgrandescne.jpg\" alt=\"gkgrandescne\" itemprop=\"image\" height=\"1356\" width=\"2048\" title=\"gkgrandescne\" onerror=\"this.style.display='none'\"  \/>\n\t<h4><strong>Pour qui ? Dans quel cas l&rsquo;utiliser ?<\/strong><\/h4>\n<p>Ce document peut \u00eatre utilis\u00e9 pour n&rsquo;importe quelle manifestation rassemblant du public qu&rsquo;elle soit culturelle sportive ou festive, publique ou priv\u00e9e. M\u00eame si, dans certaines situations, des points sont sans objet, il est int\u00e9ressant qu&rsquo;ils apparaissent afin que la question se pose.<\/p>\n\t<p><strong>\u00c9l\u00e9ments abord\u00e9s pour la r\u00e9daction<\/strong><\/p>\n<p><strong>Espaces, flux et logiques organisationnelles<\/strong><\/p>\n<ul>\n<li>Analyse des typologies des lieux de manifestation (salles, espace \u00e0 am\u00e9nager, plein air&#8230;)<\/li>\n<li>Analyse dynamique des flux (public, acteurs, techniciens, organisation&#8230;)<\/li>\n<li>Les situations d&rsquo;espaces multiples<\/li>\n<li>Les sp\u00e9cificit\u00e9s de certaines manifestations, la pr\u00e9sence active du troisi\u00e8me acteur (municipalit\u00e9s, institutions, clients, partenaires financiers, etc.)<\/li>\n<\/ul>\n<p><strong>Approche r\u00e9glementaire et responsabilit\u00e9 de l&rsquo;organisateur<\/strong><\/p>\n<ul>\n<li>Les obligations concernant la partie technique<\/li>\n<li>Les assurances<\/li>\n<li>L&rsquo;autorisation administrative de manifestation<\/li>\n<li>La s\u00e9curit\u00e9 du public<\/li>\n<li>Les risques exceptionnels<\/li>\n<li>Le concept d&rsquo;ERP (\u00c9tablissement Recevant du Public)<\/li>\n<li>La sp\u00e9cificit\u00e9 du plein air<\/li>\n<li>Les responsabilit\u00e9s de chacun, les liens contractuels<\/li>\n<li>La r\u00e9glementation incendie<\/li>\n<li>La s\u00e9curit\u00e9 du public, le service d&rsquo;ordre, le service de secours<\/li>\n<li>La s\u00e9curit\u00e9 du personnel<\/li>\n<li>La d\u00e9l\u00e9gation, la notion de comp\u00e9tence<\/li>\n<li>Le planning technique de montage et de d\u00e9montage<\/li>\n<li>Le planning administratif, organisationnel, logistique<\/li>\n<\/ul>\n\n","protected":false},"excerpt":{"rendered":"<p>Coordination s\u00e9curit\u00e9 La s\u00e9curit\u00e9 ? Pas qu&rsquo;une question de moyens, un \u00e9tat d&rsquo;esprit. Le SDM vous accompagne pour la pr\u00e9vention et la s\u00e9curit\u00e9 de votre manifestation : risques internes ou externes, conformit\u00e9 de vos actions et de vos installations, relations avec les autorit\u00e9s et les prestataires ext\u00e9rieurs. En proposant des m\u00e9thodes et des outils adapt\u00e9s,&hellip;<\/p>\n","protected":false},"author":1,"featured_media":75,"parent":0,"menu_order":0,"comment_status":"closed","ping_status":"closed","template":"","meta":{"footnotes":""},"class_list":["post-74","page","type-page","status-publish","has-post-thumbnail","hentry"],"_links":{"self":[{"href":"https:\/\/sdm-events.com\/events\/wp-json\/wp\/v2\/pages\/74","targetHints":{"allow":["GET"]}}],"collection":[{"href":"https:\/\/sdm-events.com\/events\/wp-json\/wp\/v2\/pages"}],"about":[{"href":"https:\/\/sdm-events.com\/events\/wp-json\/wp\/v2\/types\/page"}],"author":[{"embeddable":true,"href":"https:\/\/sdm-events.com\/events\/wp-json\/wp\/v2\/users\/1"}],"replies":[{"embeddable":true,"href":"https:\/\/sdm-events.com\/events\/wp-json\/wp\/v2\/comments?post=74"}],"version-history":[{"count":6,"href":"https:\/\/sdm-events.com\/events\/wp-json\/wp\/v2\/pages\/74\/revisions"}],"predecessor-version":[{"id":656,"href":"https:\/\/sdm-events.com\/events\/wp-json\/wp\/v2\/pages\/74\/revisions\/656"}],"wp:featuredmedia":[{"embeddable":true,"href":"https:\/\/sdm-events.com\/events\/wp-json\/wp\/v2\/media\/75"}],"wp:attachment":[{"href":"https:\/\/sdm-events.com\/events\/wp-json\/wp\/v2\/media?parent=74"}],"curies":[{"name":"wp","href":"https:\/\/api.w.org\/{rel}","templated":true}]}}